{"id":50347,"date":"2018-01-23T11:38:28","date_gmt":"2018-01-23T11:38:28","guid":{"rendered":"http:\/\/srs-relocation.ch\/fr\/?page_id=50347"},"modified":"2025-10-16T07:47:45","modified_gmt":"2025-10-16T07:47:45","slug":"a-vendre-a-louer","status":"publish","type":"page","link":"https:\/\/srs-relocation.ch\/fr\/a-vendre-a-louer\/","title":{"rendered":"A Vendre \/ A Louer"},"content":{"rendered":"<p>[et_pb_section fb_built=&#8221;1&#8243; _builder_version=&#8221;3.0.90&#8243; custom_padding=&#8221;0px|0px|0px|0px&#8221;][et_pb_row custom_padding=&#8221;0px|0px|0px|97px&#8221; _builder_version=&#8221;3.0.90&#8243; background_size=&#8221;contain&#8221; background_position=&#8221;top_right&#8221; module_alignment=&#8221;right&#8221;][et_pb_column type=&#8221;1_4&#8243; _builder_version=&#8221;3.0.47&#8243; parallax=&#8221;off&#8221; parallax_method=&#8221;on&#8221;][\/et_pb_column][et_pb_column type=&#8221;1_2&#8243; _builder_version=&#8221;3.0.47&#8243; parallax=&#8221;off&#8221; parallax_method=&#8221;on&#8221;][et_pb_text _builder_version=&#8221;3.0.90&#8243; text_font=&#8221;||||||||&#8221; text_font_size=&#8221;11px&#8221; text_line_height=&#8221;1.5em&#8221; custom_margin=&#8221;|||&#8221;]<\/p>\n<p style=\"text-align: right;\">\n<p style=\"text-align: right;\">\n<p style=\"text-align: right;\">\n<p style=\"text-align: right;\">Titulaire Solida &#8211; Relocation and Sales<br \/>\nMembre de la Swiss Association of Relocation Agents (SARA)<\/p>\n<p style=\"text-align: right;\">[\/et_pb_text][\/et_pb_column][et_pb_column type=&#8221;1_4&#8243; _builder_version=&#8221;3.0.47&#8243; parallax=&#8221;off&#8221; parallax_method=&#8221;on&#8221;][et_pb_image src=&#8221;http:\/\/srs-relocation.ch\/fr\/wp-content\/uploads\/sites\/4\/2019\/12\/sara-2.jpg&#8221; show_bottom_space=&#8221;off&#8221; _builder_version=&#8221;3.0.90&#8243; custom_margin=&#8221;10px|30px|5px|&#8221;][\/et_pb_image][\/et_pb_column][\/et_pb_row][\/et_pb_section][et_pb_section fb_built=&#8221;1&#8243; fullwidth=&#8221;on&#8221; admin_label=&#8221;Header Section&#8221; _builder_version=&#8221;3.0.90&#8243; custom_padding=&#8221;|||&#8221;][et_pb_fullwidth_header title=&#8221;Nos biens&#8221; background_layout=&#8221;dark&#8221; header_scroll_down=&#8221;on&#8221; scroll_down_icon_color=&#8221;#ffffff&#8221; content_max_width=&#8221;600px&#8221; _builder_version=&#8221;3.0.90&#8243; title_font=&#8221;Nunito Sans|900||on|||||&#8221; title_font_size=&#8221;40px&#8221; title_text_color=&#8221;#ffffff&#8221; title_letter_spacing=&#8221;7px&#8221; title_line_height=&#8221;1.4em&#8221; title_text_shadow_style=&#8221;preset3&#8243; content_font=&#8221;Nunito Sans|700|||||||&#8221; content_font_size=&#8221;18px&#8221; content_text_color=&#8221;#ffffff&#8221; content_line_height=&#8221;1.8em&#8221; content_text_shadow_style=&#8221;preset3&#8243; subhead_text_color=&#8221;#ffffff&#8221; subhead_text_shadow_style=&#8221;preset3&#8243; background_image=&#8221;http:\/\/srs-relocation.ch\/fr\/wp-content\/uploads\/sites\/3\/2018\/01\/berne-capitale-monde-1.jpg&#8221; custom_margin=&#8221;|||&#8221; custom_padding=&#8221;10%||10%|&#8221; custom_button_one=&#8221;on&#8221; button_one_text_size=&#8221;16px&#8221; button_one_text_color=&#8221;#ffffff&#8221; button_one_bg_color=&#8221;#253542&#8243; button_one_border_width=&#8221;10px&#8221; button_one_border_color=&#8221;#253542&#8243; button_one_border_radius=&#8221;0px&#8221; button_one_letter_spacing=&#8221;2px&#8221; button_one_font=&#8221;Nunito Sans|800||on|||||&#8221; button_one_use_icon=&#8221;off&#8221; button_one_text_color_hover=&#8221;#ffffff&#8221; button_one_bg_color_hover=&#8221;#79abab&#8221; button_one_border_color_hover=&#8221;#79abab&#8221; button_one_border_radius_hover=&#8221;0px&#8221; button_one_letter_spacing_hover=&#8221;2px&#8221; animation_style=&#8221;zoom&#8221; animation_direction=&#8221;top&#8221; animation_intensity_zoom=&#8221;10%&#8221; animation_starting_opacity=&#8221;100%&#8221; text_shadow_style=&#8221;preset3&#8243;]<\/p>\n<h3>A vendre et \u00e0 louer<\/h3>\n<p>Veuillez trouver ci-dessous nos biens \u00e0 la location et \u00e0 la vente.<\/p>\n<p>[\/et_pb_fullwidth_header][\/et_pb_section][et_pb_section fb_built=&#8221;1&#8243; _builder_version=&#8221;3.0.90&#8243;][et_pb_row custom_margin=&#8221;|||&#8221; _builder_version=&#8221;3.0.90&#8243; background_size=&#8221;initial&#8221; background_position=&#8221;top_left&#8221; background_repeat=&#8221;repeat&#8221; module_alignment=&#8221;center&#8221;][et_pb_column type=&#8221;1_2&#8243; _builder_version=&#8221;3.0.47&#8243; parallax=&#8221;off&#8221; parallax_method=&#8221;on&#8221;][et_pb_text _builder_version=&#8221;3.0.90&#8243;]<\/p>\n<p><strong>REPRISE DE BAIL \u2013 APPARTEMENT MEUBLE ET EQUIPE<\/strong><\/p>\n<p>Cet appartement enti\u00e8rement \u00e9quip\u00e9 et meubl\u00e9 est disponible d\u00e8s le 01.11.2025 pour un minimum d&#8217;un mois de location. Par la suite, cela peut \u00eatre renouvel\u00e9 de mois en mois. Il s&#8217;agit d&#8217;un appartement pratique, bien situ\u00e9 avec beaucoup de luminosit\u00e9 et au calme, bien qu&#8217;\u00e9tant au centre de Gen\u00e8ve.\u00a0<\/p>\n<p>Adresse: rue Cingria 6, 1205 Gen\u00e8ve<\/p>\n<p>Etage: 6e (dernier)<\/p>\n<p>[\/et_pb_text][et_pb_gallery gallery_ids=&#8221;51296,51297,51294,51295,51290,51292,51291,51293,51300,51301,51298,51299&#8243; gallery_captions=&#8221;,,,,,,,,,,,&#8221; posts_number=&#8221;4&#8243; _builder_version=&#8221;3.0.90&#8243;][\/et_pb_gallery][\/et_pb_column][et_pb_column type=&#8221;1_2&#8243; _builder_version=&#8221;3.0.47&#8243; parallax=&#8221;off&#8221; parallax_method=&#8221;on&#8221;][et_pb_text _builder_version=&#8221;3.0.90&#8243; background_size=&#8221;contain&#8221; custom_margin=&#8221;|||&#8221; custom_padding=&#8221;|||&#8221;]<\/p>\n<h4><strong>CHF 3900.-<\/strong><\/h4>\n<p>Charges, y compris \u00e9lectricit\u00e9 et WIFI, incluses<\/p>\n<h4>Appartement avec:<\/h4>\n<ul>\n<li>2 Chambres<\/li>\n<li>1 salle de douche avec lave\/s\u00e8che linge<\/li>\n<li>Grand salon<\/li>\n<li>Cuisine \u00e9quip\u00e9e, avec espace d\u00eenatoire<\/li>\n<li>Entr\u00e9e s\u00e9curis\u00e9e<\/li>\n<li>Enti\u00e8rement meubl\u00e9 et \u00e9quip\u00e9<\/li>\n<\/ul>\n<p><strong>Contact locataire sortant:<\/strong><\/p>\n<p>+33 6 20 80 22 50<\/p>\n<p>&nbsp;<\/p>\n<p>&nbsp;<\/p>\n<p>&nbsp;<\/p>\n<p>[\/et_pb_text][\/et_pb_column][\/et_pb_row][\/et_pb_section][et_pb_section fb_built=&#8221;1&#8243; admin_label=&#8221;Center Aligned CTA&#8221; module_id=&#8221;contact&#8221; module_class=&#8221;ps2id&#8221; _builder_version=&#8221;3.0.90&#8243; use_background_color_gradient=&#8221;on&#8221; background_color_gradient_start=&#8221;rgba(37,53,66,0.83)&#8221; background_color_gradient_end=&#8221;#253542&#8243; background_color_gradient_overlays_image=&#8221;on&#8221; background_image=&#8221;http:\/\/srs-relocation.ch\/fr\/wp-content\/uploads\/sites\/3\/2018\/01\/bg-img-01-6-2.jpg&#8221; custom_padding=&#8221;100px|0px|100px|0px&#8221; animation_style=&#8221;zoom&#8221; animation_direction=&#8221;bottom&#8221; animation_intensity_zoom=&#8221;10%&#8221; animation_starting_opacity=&#8221;100%&#8221; global_module=&#8221;50410&#8243;][et_pb_row admin_label=&#8221;Contents&#8221; _builder_version=&#8221;3.0.87&#8243;][et_pb_column type=&#8221;1_3&#8243; _builder_version=&#8221;3.0.47&#8243; parallax=&#8221;off&#8221; parallax_method=&#8221;on&#8221;][et_pb_text background_layout=&#8221;dark&#8221; _builder_version=&#8221;3.0.90&#8243; text_font=&#8221;Nunito Sans||||||||&#8221; text_font_size=&#8221;18px&#8221; text_line_height=&#8221;1.8em&#8221; header_font=&#8221;|900|||||||&#8221; header_font_size=&#8221;40px&#8221; header_letter_spacing=&#8221;7px&#8221; header_line_height=&#8221;1.4em&#8221; header_2_font=&#8221;Nunito Sans|900||on|||||&#8221; header_2_font_size=&#8221;28px&#8221; header_2_font_size_last_edited=&#8221;on|phone&#8221; header_2_letter_spacing=&#8221;4px&#8221; header_2_letter_spacing_phone=&#8221;2px&#8221; header_2_letter_spacing_last_edited=&#8221;on|desktop&#8221; header_2_line_height=&#8221;1.4em&#8221; max_width=&#8221;600px&#8221; module_alignment=&#8221;center&#8221; custom_margin=&#8221;|||&#8221; custom_padding=&#8221;|||&#8221;]<\/p>\n<h2>Contactez Nous<\/h2>\n<p>125, route de Lully<br \/> 1233 Bernex<br \/> Switzerland<\/p>\n<p>[\/et_pb_text][\/et_pb_column][et_pb_column type=&#8221;2_3&#8243; _builder_version=&#8221;3.0.47&#8243; parallax=&#8221;off&#8221; parallax_method=&#8221;on&#8221;][et_pb_contact_form email=&#8221;contact@srs-relocation.com&#8221; success_message=&#8221;Thank you for your interest, we will be in touch with you soon. If you haven&#8217;t heard from us within 24 hours, your message might not have reached us. Try again or call us. Thank you&#8221; submit_button_text=&#8221;Envoyer&#8221; form_background_color=&#8221;#253542&#8243; module_id=&#8221;et_pb_contact_form_0&#8243; _builder_version=&#8221;3.0.90&#8243; form_field_font=&#8221;Nunito Sans|800||on|||||&#8221; form_field_text_color=&#8221;#ffffff&#8221; form_field_letter_spacing=&#8221;2px&#8221; custom_button=&#8221;on&#8221; button_text_size=&#8221;16px&#8221; button_text_color=&#8221;#ffffff&#8221; button_bg_color=&#8221;#c41f1f&#8221; button_border_width=&#8221;10px&#8221; button_border_color=&#8221;#c41f1f&#8221; button_border_radius=&#8221;0px&#8221; button_letter_spacing=&#8221;3px&#8221; button_font=&#8221;Nunito Sans|800||on|||||&#8221; button_use_icon=&#8221;off&#8221; button_bg_color_hover=&#8221;#253542&#8243; button_border_color_hover=&#8221;#253542&#8243;][et_pb_contact_field field_id=&#8221;Name&#8221; field_title=&#8221;Nom&#8221; fullwidth_field=&#8221;on&#8221; _builder_version=&#8221;3.0.90&#8243; form_field_font=&#8221;||||||||&#8221;][\/et_pb_contact_field][et_pb_contact_field field_id=&#8221;Email&#8221; field_title=&#8221;Addresse email&#8221; field_type=&#8221;email&#8221; fullwidth_field=&#8221;on&#8221; _builder_version=&#8221;3.0.90&#8243; form_field_font=&#8221;||||||||&#8221;][\/et_pb_contact_field][et_pb_contact_field field_id=&#8221;business-name&#8221; field_title=&#8221;Entreprise&#8221; required_mark=&#8221;off&#8221; fullwidth_field=&#8221;on&#8221; _builder_version=&#8221;3.0.90&#8243; form_field_font=&#8221;||||||||&#8221;][\/et_pb_contact_field][et_pb_contact_field field_id=&#8221;website&#8221; field_title=&#8221;Site Internet&#8221; required_mark=&#8221;off&#8221; fullwidth_field=&#8221;on&#8221; _builder_version=&#8221;3.0.90&#8243; form_field_font=&#8221;||||||||&#8221;][\/et_pb_contact_field][et_pb_contact_field field_id=&#8221;Message&#8221; field_title=&#8221;Message&#8221; field_type=&#8221;text&#8221; fullwidth_field=&#8221;on&#8221; _builder_version=&#8221;3.0.90&#8243; form_field_font=&#8221;||||||||&#8221; custom_margin=&#8221;||30px|&#8221; custom_margin_tablet=&#8221;||30px|&#8221; custom_margin_phone=&#8221;||30px|&#8221;][\/et_pb_contact_field][\/et_pb_contact_form][\/et_pb_column][\/et_pb_row][\/et_pb_section]<\/p>\n","protected":false},"excerpt":{"rendered":"<p>[et_pb_section fb_built=&#8221;1&#8243; _builder_version=&#8221;3.0.90&#8243; custom_padding=&#8221;0px|0px|0px|0px&#8221;][et_pb_row custom_padding=&#8221;0px|0px|0px|97px&#8221; _builder_version=&#8221;3.0.90&#8243; background_size=&#8221;contain&#8221; background_position=&#8221;top_right&#8221; module_alignment=&#8221;right&#8221;][et_pb_column type=&#8221;1_4&#8243; _builder_version=&#8221;3.0.47&#8243; parallax=&#8221;off&#8221; parallax_method=&#8221;on&#8221;][\/et_pb_column][et_pb_column type=&#8221;1_2&#8243; _builder_version=&#8221;3.0.47&#8243; parallax=&#8221;off&#8221; parallax_method=&#8221;on&#8221;][et_pb_text _builder_version=&#8221;3.0.90&#8243; text_font=&#8221;||||||||&#8221; text_font_size=&#8221;11px&#8221; text_line_height=&#8221;1.5em&#8221; custom_margin=&#8221;|||&#8221;] Titulaire Solida &#8211; Relocation and Sales Membre de la Swiss Association of Relocation Agents (SARA) [\/et_pb_text][\/et_pb_column][et_pb_column type=&#8221;1_4&#8243; _builder_version=&#8221;3.0.47&#8243; parallax=&#8221;off&#8221; parallax_method=&#8221;on&#8221;][et_pb_image src=&#8221;http:\/\/srs-relocation.ch\/fr\/wp-content\/uploads\/sites\/4\/2019\/12\/sara-2.jpg&#8221; show_bottom_space=&#8221;off&#8221; _builder_version=&#8221;3.0.90&#8243; custom_margin=&#8221;10px|30px|5px|&#8221;][\/et_pb_image][\/et_pb_column][\/et_pb_row][\/et_pb_section][et_pb_section fb_built=&#8221;1&#8243; fullwidth=&#8221;on&#8221; admin_label=&#8221;Header Section&#8221; _builder_version=&#8221;3.0.90&#8243; custom_padding=&#8221;|||&#8221;][et_pb_fullwidth_header title=&#8221;Nos biens&#8221; background_layout=&#8221;dark&#8221; [&hellip;]<\/p>\n","protected":false},"author":1,"featured_media":0,"parent":0,"menu_order":0,"comment_status":"closed","ping_status":"closed","template":"","meta":{"footnotes":""},"class_list":["post-50347","page","type-page","status-publish","hentry"],"yoast_head":"<!-- This site is optimized with the Yoast SEO plugin v26.1.1 - https:\/\/yoast.com\/wordpress\/plugins\/seo\/ -->\n<title>A Vendre \/ A Louer - SRS Relocation - FR<\/title>\n<meta name=\"robots\" content=\"index, follow, max-snippet:-1, max-image-preview:large, max-video-preview:-1\" \/>\n<link rel=\"canonical\" href=\"https:\/\/srs-relocation.ch\/fr\/a-vendre-a-louer\/\" \/>\n<meta property=\"og:locale\" content=\"en_US\" \/>\n<meta property=\"og:type\" content=\"article\" \/>\n<meta property=\"og:title\" content=\"A Vendre \/ A Louer - SRS Relocation - FR\" \/>\n<meta property=\"og:description\" content=\"[et_pb_section fb_built=&#8221;1&#8243; _builder_version=&#8221;3.0.90&#8243; custom_padding=&#8221;0px|0px|0px|0px&#8221;][et_pb_row custom_padding=&#8221;0px|0px|0px|97px&#8221; _builder_version=&#8221;3.0.90&#8243; background_size=&#8221;contain&#8221; background_position=&#8221;top_right&#8221; module_alignment=&#8221;right&#8221;][et_pb_column type=&#8221;1_4&#8243; _builder_version=&#8221;3.0.47&#8243; parallax=&#8221;off&#8221; parallax_method=&#8221;on&#8221;][\/et_pb_column][et_pb_column type=&#8221;1_2&#8243; _builder_version=&#8221;3.0.47&#8243; parallax=&#8221;off&#8221; parallax_method=&#8221;on&#8221;][et_pb_text _builder_version=&#8221;3.0.90&#8243; text_font=&#8221;||||||||&#8221; text_font_size=&#8221;11px&#8221; text_line_height=&#8221;1.5em&#8221; custom_margin=&#8221;|||&#8221;] Titulaire Solida &#8211; Relocation and Sales Membre de la Swiss Association of Relocation Agents (SARA) [\/et_pb_text][\/et_pb_column][et_pb_column type=&#8221;1_4&#8243; _builder_version=&#8221;3.0.47&#8243; parallax=&#8221;off&#8221; parallax_method=&#8221;on&#8221;][et_pb_image src=&#8221;http:\/\/srs-relocation.ch\/fr\/wp-content\/uploads\/sites\/4\/2019\/12\/sara-2.jpg&#8221; show_bottom_space=&#8221;off&#8221; _builder_version=&#8221;3.0.90&#8243; custom_margin=&#8221;10px|30px|5px|&#8221;][\/et_pb_image][\/et_pb_column][\/et_pb_row][\/et_pb_section][et_pb_section fb_built=&#8221;1&#8243; fullwidth=&#8221;on&#8221; admin_label=&#8221;Header Section&#8221; _builder_version=&#8221;3.0.90&#8243; custom_padding=&#8221;|||&#8221;][et_pb_fullwidth_header title=&#8221;Nos biens&#8221; background_layout=&#8221;dark&#8221; [&hellip;]\" \/>\n<meta property=\"og:url\" content=\"https:\/\/srs-relocation.ch\/fr\/a-vendre-a-louer\/\" \/>\n<meta property=\"og:site_name\" content=\"SRS Relocation - FR\" \/>\n<meta property=\"article:modified_time\" content=\"2025-10-16T07:47:45+00:00\" \/>\n<meta name=\"twitter:card\" content=\"summary_large_image\" \/>\n<meta name=\"twitter:label1\" content=\"Est. reading time\" \/>\n\t<meta name=\"twitter:data1\" content=\"5 minutes\" \/>\n<script type=\"application\/ld+json\" class=\"yoast-schema-graph\">{\"@context\":\"https:\/\/schema.org\",\"@graph\":[{\"@type\":\"WebPage\",\"@id\":\"https:\/\/srs-relocation.ch\/fr\/a-vendre-a-louer\/\",\"url\":\"https:\/\/srs-relocation.ch\/fr\/a-vendre-a-louer\/\",\"name\":\"A Vendre \/ A Louer - SRS Relocation - FR\",\"isPartOf\":{\"@id\":\"https:\/\/srs-relocation.ch\/fr\/#website\"},\"datePublished\":\"2018-01-23T11:38:28+00:00\",\"dateModified\":\"2025-10-16T07:47:45+00:00\",\"breadcrumb\":{\"@id\":\"https:\/\/srs-relocation.ch\/fr\/a-vendre-a-louer\/#breadcrumb\"},\"inLanguage\":\"en-US\",\"potentialAction\":[{\"@type\":\"ReadAction\",\"target\":[\"https:\/\/srs-relocation.ch\/fr\/a-vendre-a-louer\/\"]}]},{\"@type\":\"BreadcrumbList\",\"@id\":\"https:\/\/srs-relocation.ch\/fr\/a-vendre-a-louer\/#breadcrumb\",\"itemListElement\":[{\"@type\":\"ListItem\",\"position\":1,\"name\":\"Home\",\"item\":\"https:\/\/srs-relocation.ch\/fr\/\"},{\"@type\":\"ListItem\",\"position\":2,\"name\":\"A Vendre \/ A Louer\"}]},{\"@type\":\"WebSite\",\"@id\":\"https:\/\/srs-relocation.ch\/fr\/#website\",\"url\":\"https:\/\/srs-relocation.ch\/fr\/\",\"name\":\"SRS Relocation - FR\",\"description\":\"Your partner in expatriation and relocation\",\"potentialAction\":[{\"@type\":\"SearchAction\",\"target\":{\"@type\":\"EntryPoint\",\"urlTemplate\":\"https:\/\/srs-relocation.ch\/fr\/?s={search_term_string}\"},\"query-input\":{\"@type\":\"PropertyValueSpecification\",\"valueRequired\":true,\"valueName\":\"search_term_string\"}}],\"inLanguage\":\"en-US\"}]}<\/script>\n<!-- \/ Yoast SEO plugin. -->","yoast_head_json":{"title":"A Vendre \/ A Louer - SRS Relocation - FR","robots":{"index":"index","follow":"follow","max-snippet":"max-snippet:-1","max-image-preview":"max-image-preview:large","max-video-preview":"max-video-preview:-1"},"canonical":"https:\/\/srs-relocation.ch\/fr\/a-vendre-a-louer\/","og_locale":"en_US","og_type":"article","og_title":"A Vendre \/ A Louer - SRS Relocation - FR","og_description":"[et_pb_section fb_built=&#8221;1&#8243; _builder_version=&#8221;3.0.90&#8243; custom_padding=&#8221;0px|0px|0px|0px&#8221;][et_pb_row custom_padding=&#8221;0px|0px|0px|97px&#8221; _builder_version=&#8221;3.0.90&#8243; background_size=&#8221;contain&#8221; background_position=&#8221;top_right&#8221; module_alignment=&#8221;right&#8221;][et_pb_column type=&#8221;1_4&#8243; _builder_version=&#8221;3.0.47&#8243; parallax=&#8221;off&#8221; parallax_method=&#8221;on&#8221;][\/et_pb_column][et_pb_column type=&#8221;1_2&#8243; _builder_version=&#8221;3.0.47&#8243; parallax=&#8221;off&#8221; parallax_method=&#8221;on&#8221;][et_pb_text _builder_version=&#8221;3.0.90&#8243; text_font=&#8221;||||||||&#8221; text_font_size=&#8221;11px&#8221; text_line_height=&#8221;1.5em&#8221; custom_margin=&#8221;|||&#8221;] Titulaire Solida &#8211; Relocation and Sales Membre de la Swiss Association of Relocation Agents (SARA) [\/et_pb_text][\/et_pb_column][et_pb_column type=&#8221;1_4&#8243; _builder_version=&#8221;3.0.47&#8243; parallax=&#8221;off&#8221; parallax_method=&#8221;on&#8221;][et_pb_image src=&#8221;http:\/\/srs-relocation.ch\/fr\/wp-content\/uploads\/sites\/4\/2019\/12\/sara-2.jpg&#8221; show_bottom_space=&#8221;off&#8221; _builder_version=&#8221;3.0.90&#8243; custom_margin=&#8221;10px|30px|5px|&#8221;][\/et_pb_image][\/et_pb_column][\/et_pb_row][\/et_pb_section][et_pb_section fb_built=&#8221;1&#8243; fullwidth=&#8221;on&#8221; admin_label=&#8221;Header Section&#8221; _builder_version=&#8221;3.0.90&#8243; custom_padding=&#8221;|||&#8221;][et_pb_fullwidth_header title=&#8221;Nos biens&#8221; background_layout=&#8221;dark&#8221; [&hellip;]","og_url":"https:\/\/srs-relocation.ch\/fr\/a-vendre-a-louer\/","og_site_name":"SRS Relocation - FR","article_modified_time":"2025-10-16T07:47:45+00:00","twitter_card":"summary_large_image","twitter_misc":{"Est. reading time":"5 minutes"},"schema":{"@context":"https:\/\/schema.org","@graph":[{"@type":"WebPage","@id":"https:\/\/srs-relocation.ch\/fr\/a-vendre-a-louer\/","url":"https:\/\/srs-relocation.ch\/fr\/a-vendre-a-louer\/","name":"A Vendre \/ A Louer - SRS Relocation - FR","isPartOf":{"@id":"https:\/\/srs-relocation.ch\/fr\/#website"},"datePublished":"2018-01-23T11:38:28+00:00","dateModified":"2025-10-16T07:47:45+00:00","breadcrumb":{"@id":"https:\/\/srs-relocation.ch\/fr\/a-vendre-a-louer\/#breadcrumb"},"inLanguage":"en-US","potentialAction":[{"@type":"ReadAction","target":["https:\/\/srs-relocation.ch\/fr\/a-vendre-a-louer\/"]}]},{"@type":"BreadcrumbList","@id":"https:\/\/srs-relocation.ch\/fr\/a-vendre-a-louer\/#breadcrumb","itemListElement":[{"@type":"ListItem","position":1,"name":"Home","item":"https:\/\/srs-relocation.ch\/fr\/"},{"@type":"ListItem","position":2,"name":"A Vendre \/ A Louer"}]},{"@type":"WebSite","@id":"https:\/\/srs-relocation.ch\/fr\/#website","url":"https:\/\/srs-relocation.ch\/fr\/","name":"SRS Relocation - FR","description":"Your partner in expatriation and relocation","potentialAction":[{"@type":"SearchAction","target":{"@type":"EntryPoint","urlTemplate":"https:\/\/srs-relocation.ch\/fr\/?s={search_term_string}"},"query-input":{"@type":"PropertyValueSpecification","valueRequired":true,"valueName":"search_term_string"}}],"inLanguage":"en-US"}]}},"_links":{"self":[{"href":"https:\/\/srs-relocation.ch\/fr\/wp-json\/wp\/v2\/pages\/50347","targetHints":{"allow":["GET"]}}],"collection":[{"href":"https:\/\/srs-relocation.ch\/fr\/wp-json\/wp\/v2\/pages"}],"about":[{"href":"https:\/\/srs-relocation.ch\/fr\/wp-json\/wp\/v2\/types\/page"}],"author":[{"embeddable":true,"href":"https:\/\/srs-relocation.ch\/fr\/wp-json\/wp\/v2\/users\/1"}],"replies":[{"embeddable":true,"href":"https:\/\/srs-relocation.ch\/fr\/wp-json\/wp\/v2\/comments?post=50347"}],"version-history":[{"count":103,"href":"https:\/\/srs-relocation.ch\/fr\/wp-json\/wp\/v2\/pages\/50347\/revisions"}],"predecessor-version":[{"id":51303,"href":"https:\/\/srs-relocation.ch\/fr\/wp-json\/wp\/v2\/pages\/50347\/revisions\/51303"}],"wp:attachment":[{"href":"https:\/\/srs-relocation.ch\/fr\/wp-json\/wp\/v2\/media?parent=50347"}],"curies":[{"name":"wp","href":"https:\/\/api.w.org\/{rel}","templated":true}]}}