{"id":50688,"date":"2019-03-27T07:52:16","date_gmt":"2019-03-27T07:52:16","guid":{"rendered":"http:\/\/srs-relocation.ch\/fr\/?page_id=50688"},"modified":"2023-09-16T16:47:14","modified_gmt":"2023-09-16T16:47:14","slug":"politique-de-confidentialite","status":"publish","type":"page","link":"https:\/\/srs-relocation.ch\/fr\/politique-de-confidentialite\/","title":{"rendered":"Politique de confidentialit\u00e9"},"content":{"rendered":"<p>[et_pb_section fb_built=&#8221;1&#8243; admin_label=&#8221;section&#8221; _builder_version=&#8221;3.0.47&#8243;][et_pb_row admin_label=&#8221;row&#8221; _builder_version=&#8221;3.0.47&#8243; background_size=&#8221;initial&#8221; background_position=&#8221;top_left&#8221; background_repeat=&#8221;repeat&#8221;][et_pb_column type=&#8221;4_4&#8243; _builder_version=&#8221;3.0.47&#8243; parallax=&#8221;off&#8221; parallax_method=&#8221;on&#8221;][et_pb_text admin_label=&#8221;Text&#8221; _builder_version=&#8221;3.0.90&#8243; background_size=&#8221;initial&#8221; background_position=&#8221;top_left&#8221; background_repeat=&#8221;repeat&#8221;]<\/p>\n<h1>Politique de Confidentialit\u00e9<\/h1>\n<p>&nbsp;<\/p>\n<h3>Qui nous sommes<\/h3>\n<p>Solid Relocation and Sales \u2013 Enregistr\u00e9 comme Titulaire Solida &#8211; Relocation and Sales \u2013 est une PME genevoise. Son site web <a href=\"www.srs-relocation.ch\">www.srs-relocation.ch<\/a> est la propri\u00e9t\u00e9 exclusive de Samantha Solida, enregistr\u00e9e en nom propre comme Titulaire Solida &#8211; Relocation and Sales.<\/p>\n<p>&nbsp;<\/p>\n<h3>Quelles donn\u00e9es personnelles collectons-nous et pourquoi nous les collectons<\/h3>\n<p>Quand une personne remplit notre formulaire de contact, nous enregistrons des donn\u00e9es personnelles telles que\u00a0: nom, pr\u00e9nom, adresse courriel, num\u00e9ro de t\u00e9l\u00e9phone, nom de soci\u00e9t\u00e9, poste, enfant(s), etc. Ces donn\u00e9es ne sont collect\u00e9es que si la personne devient un client, ou s\u2019il pourrait le devenir, jusqu\u2019\u00e0 un mois apr\u00e8s que cette personne ait soumis le formulaire dans ce dernier cas de figure.<\/p>\n<p>En tous les cas, toute donn\u00e9e est d\u00e9truite apr\u00e8s dix ans que la relation client-fournisseur de service se soit \u00e9teinte, en ligne avec les lois europ\u00e9enne et suisse.<\/p>\n<p>Les informations ainsi collect\u00e9es le sont uniquement dans le but de compl\u00e9ter un mandat et ne seront pas utilis\u00e9es sans consentement \u00e9crit de la ou des personnes impliqu\u00e9es.<\/p>\n<p>&nbsp;<\/p>\n<h3>Commentaires<\/h3>\n<p>Seulement les noms, pr\u00e9noms, postes et noms de soci\u00e9t\u00e9, ainsi que les opinions des commentateurs sont gard\u00e9s en ligne, et peuvent \u00eatre partag\u00e9s sur les pages de r\u00e9seaux sociaux de la soci\u00e9t\u00e9, apr\u00e8s accord \u00e9crit des commentateurs.<\/p>\n<p>&nbsp;<\/p>\n<h3>Media<\/h3>\n<p>Les supports m\u00e9diatiques ont \u00e9t\u00e9 achet\u00e9s\/lou\u00e9s par des canaux officiels\/personnes et ne peuvent \u00eatre utilis\u00e9s sans accord \u00e9crit de la signataire de la soci\u00e9t\u00e9. Veuillez nous contacter via notre formulaire pour en demander l\u2019utilisation.<\/p>\n<p>&nbsp;<\/p>\n<h3>Avec qui nous partageons nos donn\u00e9es<\/h3>\n<p>Dans le cas o\u00f9 un mandat a \u00e9t\u00e9 sign\u00e9 entre le prestataire de service et la personne ou les personnes ayant exprim\u00e9 un int\u00e9r\u00eat \u00e0 utiliser les services ici pr\u00e9sents, toutes les donn\u00e9es fournies par le client ne seront partag\u00e9s que dans le cadre du mandat ayant \u00e9t\u00e9 accord\u00e9 \u00e0 la soci\u00e9t\u00e9. Les donn\u00e9es peuvent \u00eatre partag\u00e9es avec les prestataires de service suivants (liste non-exhaustive)\u00a0: les agences immobili\u00e8res et les propri\u00e9taires immobiliers, les soci\u00e9t\u00e9s de t\u00e9l\u00e9communications, les entreprises de service publique, les \u00e9coles, les cr\u00e8ches, les autorit\u00e9s locales et nationales.<\/p>\n<p>&nbsp;<\/p>\n<h3>Dur\u00e9e de r\u00e9tention des donn\u00e9es<\/h3>\n<p>Nous gardons les donn\u00e9es issues des formulaires de contact pendant un mois (si aucun mandat n\u2019a \u00e9t\u00e9 conclu), les statistiques pendant un an et toutes les donn\u00e9es client pendant dix ans.<\/p>\n<p>&nbsp;<\/p>\n<h3>Les droits des utilisateurs sur leurs donn\u00e9es<\/h3>\n<p>Si vous souhaitez que nous d\u00e9truisions vos donn\u00e9es avant les d\u00e9lais d\u00e9crits ci-dessus, veuillez nous \u00e9crire et nous le ferons sous 72 heures depuis l\u2019heure de votre requ\u00eate.<\/p>\n<p>&nbsp;<\/p>\n<h3>Envoi de donn\u00e9es<\/h3>\n<p>La loi europ\u00e9enne sur la protection des donn\u00e9es exige que les donn\u00e9es concernant les r\u00e9sidents europ\u00e9ens qui viendraient \u00e0 \u00eatre transf\u00e9r\u00e9s en dehors de l\u2019Union Europ\u00e9enne soient sauvegard\u00e9s en suivant les m\u00eames protocoles que si les donn\u00e9es \u00e9taient en Europe. D\u00e8s le 1<sup>er<\/sup> septembre 2023, la Suisse \u00e0 une nouvelle loi sur la protection des donn\u00e9es (nLPD) qui lie toutes les soci\u00e9t\u00e9s par les m\u00eames r\u00e8gles strictes\u00a0: <a href=\"https:\/\/www.kmu.admin.ch\/kmu\/fr\/home\/faits-et-tendances\/digitalisation\/protection-des-donnees\/nouvelle-loi-sur-la-protection-des-donnees-nlpd.html\">https:\/\/www.kmu.admin.ch\/kmu\/fr\/home\/faits-et-tendances\/digitalisation\/protection-des-donnees\/nouvelle-loi-sur-la-protection-des-donnees-nlpd.html<\/a> .<\/p>\n<p>&nbsp;<\/p>\n<p>Vos donn\u00e9es peuvent \u00eatre envoy\u00e9es \u00e0 tous les prestataires de service d\u00e9taill\u00e9s ci-dessus, ainsi qu\u2019\u00e0 des soci\u00e9t\u00e9s-partenaires. Les soci\u00e9t\u00e9s-partenaires suivent les m\u00eames lois suisse et europ\u00e9enne. Les donn\u00e9es ne seront pas utilis\u00e9es par des tiers sans votre consentement \u00e9crit. Chaque partage de donn\u00e9es sera notifi\u00e9 au client. Les d\u00e9tails relatifs \u00e0 la protection des donn\u00e9es dans le cadre d\u2019un mandat seront sp\u00e9cifi\u00e9s dans les contrats liant le client au prestataire de service.<\/p>\n<p>&nbsp;<\/p>\n<h3>Qui contacter pour de plus amples informations\u00a0?<\/h3>\n<p>Si vous souhaitez avoir d\u2019avantage d\u2019informations concernant la protection des donn\u00e9es, vous pouvez nous \u00e9crire par le biais de notre formulaire en ligne. Nous vous r\u00e9pondrons sous 72 heures.<\/p>\n<p>&nbsp;<\/p>\n<h3>Moyens de protection des donn\u00e9es-clients<\/h3>\n<p>Nous utilisons des syst\u00e8mes de communications crypt\u00e9s et conservons vos donn\u00e9es par un syst\u00e8me d\u2019authentification bi-factoriel.<\/p>\n<p>&nbsp;<\/p>\n<h3>Les proc\u00e9dures en place en cas de violation de la s\u00e9curit\u00e9 des donn\u00e9es<\/h3>\n<p>Une annonce rapide est requise en cas de violation de la s\u00e9curit\u00e9 des donn\u00e9es, \u00e0 adresser au Pr\u00e9pos\u00e9 f\u00e9d\u00e9ral \u00e0 la protection des donn\u00e9es et \u00e0 la transparence (PFPDT).<\/p>\n<p>[\/et_pb_text][\/et_pb_column][\/et_pb_row][\/et_pb_section]<\/p>\n","protected":false},"excerpt":{"rendered":"<p>[et_pb_section fb_built=&#8221;1&#8243; admin_label=&#8221;section&#8221; _builder_version=&#8221;3.0.47&#8243;][et_pb_row admin_label=&#8221;row&#8221; _builder_version=&#8221;3.0.47&#8243; background_size=&#8221;initial&#8221; background_position=&#8221;top_left&#8221; background_repeat=&#8221;repeat&#8221;][et_pb_column type=&#8221;4_4&#8243; _builder_version=&#8221;3.0.47&#8243; parallax=&#8221;off&#8221; parallax_method=&#8221;on&#8221;][et_pb_text admin_label=&#8221;Text&#8221; _builder_version=&#8221;3.0.90&#8243; background_size=&#8221;initial&#8221; background_position=&#8221;top_left&#8221; background_repeat=&#8221;repeat&#8221;] Politique de Confidentialit\u00e9 &nbsp; Qui nous sommes Solid Relocation and Sales \u2013 Enregistr\u00e9 comme Titulaire Solida &#8211; Relocation and Sales \u2013 est une PME genevoise. Son site web www.srs-relocation.ch est la propri\u00e9t\u00e9 exclusive de Samantha Solida, enregistr\u00e9e [&hellip;]<\/p>\n","protected":false},"author":1,"featured_media":0,"parent":0,"menu_order":0,"comment_status":"closed","ping_status":"closed","template":"","meta":{"footnotes":""},"class_list":["post-50688","page","type-page","status-publish","hentry"],"yoast_head":"<!-- This site is optimized with the Yoast SEO plugin v26.1.1 - https:\/\/yoast.com\/wordpress\/plugins\/seo\/ -->\n<title>Politique de confidentialit\u00e9 - SRS Relocation - FR<\/title>\n<meta name=\"robots\" content=\"index, follow, max-snippet:-1, max-image-preview:large, max-video-preview:-1\" \/>\n<link rel=\"canonical\" href=\"https:\/\/srs-relocation.ch\/fr\/politique-de-confidentialite\/\" \/>\n<meta property=\"og:locale\" content=\"en_US\" \/>\n<meta property=\"og:type\" content=\"article\" \/>\n<meta property=\"og:title\" content=\"Politique de confidentialit\u00e9 - SRS Relocation - FR\" \/>\n<meta property=\"og:description\" content=\"[et_pb_section fb_built=&#8221;1&#8243; admin_label=&#8221;section&#8221; _builder_version=&#8221;3.0.47&#8243;][et_pb_row admin_label=&#8221;row&#8221; _builder_version=&#8221;3.0.47&#8243; background_size=&#8221;initial&#8221; background_position=&#8221;top_left&#8221; background_repeat=&#8221;repeat&#8221;][et_pb_column type=&#8221;4_4&#8243; _builder_version=&#8221;3.0.47&#8243; parallax=&#8221;off&#8221; parallax_method=&#8221;on&#8221;][et_pb_text admin_label=&#8221;Text&#8221; _builder_version=&#8221;3.0.90&#8243; background_size=&#8221;initial&#8221; background_position=&#8221;top_left&#8221; background_repeat=&#8221;repeat&#8221;] Politique de Confidentialit\u00e9 &nbsp; Qui nous sommes Solid Relocation and Sales \u2013 Enregistr\u00e9 comme Titulaire Solida &#8211; Relocation and Sales \u2013 est une PME genevoise. Son site web www.srs-relocation.ch est la propri\u00e9t\u00e9 exclusive de Samantha Solida, enregistr\u00e9e [&hellip;]\" \/>\n<meta property=\"og:url\" content=\"https:\/\/srs-relocation.ch\/fr\/politique-de-confidentialite\/\" \/>\n<meta property=\"og:site_name\" content=\"SRS Relocation - FR\" \/>\n<meta property=\"article:modified_time\" content=\"2023-09-16T16:47:14+00:00\" \/>\n<meta name=\"twitter:card\" content=\"summary_large_image\" \/>\n<meta name=\"twitter:label1\" content=\"Est. reading time\" \/>\n\t<meta name=\"twitter:data1\" content=\"4 minutes\" \/>\n<script type=\"application\/ld+json\" class=\"yoast-schema-graph\">{\"@context\":\"https:\/\/schema.org\",\"@graph\":[{\"@type\":\"WebPage\",\"@id\":\"https:\/\/srs-relocation.ch\/fr\/politique-de-confidentialite\/\",\"url\":\"https:\/\/srs-relocation.ch\/fr\/politique-de-confidentialite\/\",\"name\":\"Politique de confidentialit\u00e9 - SRS Relocation - FR\",\"isPartOf\":{\"@id\":\"https:\/\/srs-relocation.ch\/fr\/#website\"},\"datePublished\":\"2019-03-27T07:52:16+00:00\",\"dateModified\":\"2023-09-16T16:47:14+00:00\",\"breadcrumb\":{\"@id\":\"https:\/\/srs-relocation.ch\/fr\/politique-de-confidentialite\/#breadcrumb\"},\"inLanguage\":\"en-US\",\"potentialAction\":[{\"@type\":\"ReadAction\",\"target\":[\"https:\/\/srs-relocation.ch\/fr\/politique-de-confidentialite\/\"]}]},{\"@type\":\"BreadcrumbList\",\"@id\":\"https:\/\/srs-relocation.ch\/fr\/politique-de-confidentialite\/#breadcrumb\",\"itemListElement\":[{\"@type\":\"ListItem\",\"position\":1,\"name\":\"Home\",\"item\":\"https:\/\/srs-relocation.ch\/fr\/\"},{\"@type\":\"ListItem\",\"position\":2,\"name\":\"Politique de confidentialit\u00e9\"}]},{\"@type\":\"WebSite\",\"@id\":\"https:\/\/srs-relocation.ch\/fr\/#website\",\"url\":\"https:\/\/srs-relocation.ch\/fr\/\",\"name\":\"SRS Relocation - FR\",\"description\":\"Your partner in expatriation and relocation\",\"potentialAction\":[{\"@type\":\"SearchAction\",\"target\":{\"@type\":\"EntryPoint\",\"urlTemplate\":\"https:\/\/srs-relocation.ch\/fr\/?s={search_term_string}\"},\"query-input\":{\"@type\":\"PropertyValueSpecification\",\"valueRequired\":true,\"valueName\":\"search_term_string\"}}],\"inLanguage\":\"en-US\"}]}<\/script>\n<!-- \/ Yoast SEO plugin. -->","yoast_head_json":{"title":"Politique de confidentialit\u00e9 - SRS Relocation - FR","robots":{"index":"index","follow":"follow","max-snippet":"max-snippet:-1","max-image-preview":"max-image-preview:large","max-video-preview":"max-video-preview:-1"},"canonical":"https:\/\/srs-relocation.ch\/fr\/politique-de-confidentialite\/","og_locale":"en_US","og_type":"article","og_title":"Politique de confidentialit\u00e9 - SRS Relocation - FR","og_description":"[et_pb_section fb_built=&#8221;1&#8243; admin_label=&#8221;section&#8221; _builder_version=&#8221;3.0.47&#8243;][et_pb_row admin_label=&#8221;row&#8221; _builder_version=&#8221;3.0.47&#8243; background_size=&#8221;initial&#8221; background_position=&#8221;top_left&#8221; background_repeat=&#8221;repeat&#8221;][et_pb_column type=&#8221;4_4&#8243; _builder_version=&#8221;3.0.47&#8243; parallax=&#8221;off&#8221; parallax_method=&#8221;on&#8221;][et_pb_text admin_label=&#8221;Text&#8221; _builder_version=&#8221;3.0.90&#8243; background_size=&#8221;initial&#8221; background_position=&#8221;top_left&#8221; background_repeat=&#8221;repeat&#8221;] Politique de Confidentialit\u00e9 &nbsp; Qui nous sommes Solid Relocation and Sales \u2013 Enregistr\u00e9 comme Titulaire Solida &#8211; Relocation and Sales \u2013 est une PME genevoise. Son site web www.srs-relocation.ch est la propri\u00e9t\u00e9 exclusive de Samantha Solida, enregistr\u00e9e [&hellip;]","og_url":"https:\/\/srs-relocation.ch\/fr\/politique-de-confidentialite\/","og_site_name":"SRS Relocation - FR","article_modified_time":"2023-09-16T16:47:14+00:00","twitter_card":"summary_large_image","twitter_misc":{"Est. reading time":"4 minutes"},"schema":{"@context":"https:\/\/schema.org","@graph":[{"@type":"WebPage","@id":"https:\/\/srs-relocation.ch\/fr\/politique-de-confidentialite\/","url":"https:\/\/srs-relocation.ch\/fr\/politique-de-confidentialite\/","name":"Politique de confidentialit\u00e9 - SRS Relocation - FR","isPartOf":{"@id":"https:\/\/srs-relocation.ch\/fr\/#website"},"datePublished":"2019-03-27T07:52:16+00:00","dateModified":"2023-09-16T16:47:14+00:00","breadcrumb":{"@id":"https:\/\/srs-relocation.ch\/fr\/politique-de-confidentialite\/#breadcrumb"},"inLanguage":"en-US","potentialAction":[{"@type":"ReadAction","target":["https:\/\/srs-relocation.ch\/fr\/politique-de-confidentialite\/"]}]},{"@type":"BreadcrumbList","@id":"https:\/\/srs-relocation.ch\/fr\/politique-de-confidentialite\/#breadcrumb","itemListElement":[{"@type":"ListItem","position":1,"name":"Home","item":"https:\/\/srs-relocation.ch\/fr\/"},{"@type":"ListItem","position":2,"name":"Politique de confidentialit\u00e9"}]},{"@type":"WebSite","@id":"https:\/\/srs-relocation.ch\/fr\/#website","url":"https:\/\/srs-relocation.ch\/fr\/","name":"SRS Relocation - FR","description":"Your partner in expatriation and relocation","potentialAction":[{"@type":"SearchAction","target":{"@type":"EntryPoint","urlTemplate":"https:\/\/srs-relocation.ch\/fr\/?s={search_term_string}"},"query-input":{"@type":"PropertyValueSpecification","valueRequired":true,"valueName":"search_term_string"}}],"inLanguage":"en-US"}]}},"_links":{"self":[{"href":"https:\/\/srs-relocation.ch\/fr\/wp-json\/wp\/v2\/pages\/50688","targetHints":{"allow":["GET"]}}],"collection":[{"href":"https:\/\/srs-relocation.ch\/fr\/wp-json\/wp\/v2\/pages"}],"about":[{"href":"https:\/\/srs-relocation.ch\/fr\/wp-json\/wp\/v2\/types\/page"}],"author":[{"embeddable":true,"href":"https:\/\/srs-relocation.ch\/fr\/wp-json\/wp\/v2\/users\/1"}],"replies":[{"embeddable":true,"href":"https:\/\/srs-relocation.ch\/fr\/wp-json\/wp\/v2\/comments?post=50688"}],"version-history":[{"count":8,"href":"https:\/\/srs-relocation.ch\/fr\/wp-json\/wp\/v2\/pages\/50688\/revisions"}],"predecessor-version":[{"id":51251,"href":"https:\/\/srs-relocation.ch\/fr\/wp-json\/wp\/v2\/pages\/50688\/revisions\/51251"}],"wp:attachment":[{"href":"https:\/\/srs-relocation.ch\/fr\/wp-json\/wp\/v2\/media?parent=50688"}],"curies":[{"name":"wp","href":"https:\/\/api.w.org\/{rel}","templated":true}]}}